{"id":2289,"date":"2024-01-17T21:21:52","date_gmt":"2024-01-17T20:21:52","guid":{"rendered":"https:\/\/secretjazz.de\/secret-jazz\/"},"modified":"2024-01-19T16:38:26","modified_gmt":"2024-01-19T15:38:26","slug":"secret-jazz","status":"publish","type":"page","link":"https:\/\/secretjazz.de\/da\/","title":{"rendered":"Secret Jazz"},"content":{"rendered":"<div class=\"wpb-content-wrapper\"><p>[vc_row unlock_row_content=&#8221;yes&#8221; row_height_percent=&#8221;100&#8243; back_image=&#8221;2266&#8243; back_repeat=&#8221;no-repeat&#8221; overlay_alpha=&#8221;50&#8243; gutter_size=&#8221;3&#8243; column_width_percent=&#8221;100&#8243; shift_y=&#8221;0&#8243; z_index=&#8221;0&#8243; uncode_shortcode_id=&#8221;304651&#8243;][vc_column column_width_percent=&#8221;100&#8243; align_horizontal=&#8221;align_center&#8221; gutter_size=&#8221;3&#8243; overlay_alpha=&#8221;50&#8243; shift_x=&#8221;0&#8243; shift_y=&#8221;0&#8243; shift_y_down=&#8221;0&#8243; z_index=&#8221;0&#8243; medium_width=&#8221;0&#8243; mobile_width=&#8221;0&#8243; width=&#8221;1\/1&#8243; uncode_shortcode_id=&#8221;129146&#8243;][vc_wp_custommenu nav_menu=&#8221;47&#8243; nav_menu_horizontal=&#8221;1&#8243;][vc_custom_heading heading_semantic=&#8221;h1&#8243; text_size=&#8221;h3&#8243; uncode_shortcode_id=&#8221;462342&#8243; subheading=&#8221;Er det faktisk forbudt? Bare en smule! V\u00e6r der og nyd den allerbedste jazz p\u00e5 de mest us\u00e6dvanlige steder.&#8221;]ALTID JAZZ. ALTID I TOPKLASSE. ALTID P\u00c5 HEMMELIGE STEDER.[\/vc_custom_heading][vc_row_inner row_inner_height_percent=&#8221;0&#8243; overlay_alpha=&#8221;50&#8243; gutter_size=&#8221;0&#8243; shift_y=&#8221;0&#8243; z_index=&#8221;0&#8243; limit_content=&#8221;&#8221; uncode_shortcode_id=&#8221;591385&#8243;][vc_column_inner column_width_percent=&#8221;100&#8243; gutter_size=&#8221;3&#8243; expand_height=&#8221;yes&#8221; overlay_alpha=&#8221;50&#8243; shift_x=&#8221;0&#8243; shift_y=&#8221;0&#8243; shift_y_down=&#8221;0&#8243; z_index=&#8221;0&#8243; medium_width=&#8221;0&#8243; mobile_width=&#8221;0&#8243; width=&#8221;2\/3&#8243; uncode_shortcode_id=&#8221;198761&#8243;][vc_raw_html]PGlmcmFtZSB3aWR0aD0iNTQwIiBoZWlnaHQ9IjUwMCIgc3JjPSJodHRwczovL2QyMjYwMmRmLnNpYmZvcm1zLmNvbS9zZXJ2ZS9NVUlGQUtPeVpqWlpyWndQcU8yYjQ2UUl0R1FGaEoxZFBsbVN3NW5venpvd2lablBZT0JQMVdJMXN5OV90MzFoN252UnNOZnc2R08tV015dmlJZTViYlI5RkpfOGFPZDhFRzhFaHoyYTI0UFdGSWdoaGVQMlA1cEkyT1FlbDBycHpDeHR4TjBIUnZkZWNXaUtWNS1VeXFWNHZuUmR5TUdnVUlVM1RGT1RDQ2FQdkFfeDhidE43Ym94REE1MGlBdDhOa3NLMkRGWTVMMWlCSzg2IiBmcmFtZWJvcmRlcj0iMCIgc2Nyb2xsaW5nPSJhdXRvIiBhbGxvd2Z1bGxzY3JlZW49IiIgc3R5bGU9ImRpc3BsYXk6IGJsb2NrO21hcmdpbi1sZWZ0OiBhdXRvO21hcmdpbi1yaWdodDogYXV0bzttYXgtd2lkdGg6IDEwMCU7Ij48L2lmcmFtZT4=[\/vc_raw_html][\/vc_column_inner][vc_column_inner column_width_percent=&#8221;100&#8243; position_vertical=&#8221;middle&#8221; gutter_size=&#8221;0&#8243; override_padding=&#8221;yes&#8221; column_padding=&#8221;0&#8243; overlay_alpha=&#8221;50&#8243; shift_x=&#8221;0&#8243; shift_y=&#8221;0&#8243; shift_y_down=&#8221;0&#8243; z_index=&#8221;0&#8243; medium_width=&#8221;0&#8243; mobile_width=&#8221;0&#8243; width=&#8221;1\/3&#8243; uncode_shortcode_id=&#8221;173510&#8243;][vc_custom_heading text_color=&#8221;color-xsdn&#8221; text_size=&#8221;h3&#8243; separator=&#8221;yes&#8221; separator_color=&#8221;yes&#8221; uncode_shortcode_id=&#8221;173442&#8243; text_color_type=&#8221;uncode-palette&#8221;]DE N\u00c6STE DATOER I HAMBORG[\/vc_custom_heading][vc_empty_space empty_h=&#8221;2&#8243;][vc_custom_heading text_color=&#8221;color-xsdn&#8221; text_size=&#8221;h3&#8243; uncode_shortcode_id=&#8221;439972&#8243; text_color_type=&#8221;uncode-palette&#8221;]<mark>25<\/mark>.01.2024, KL. 19.30[\/vc_custom_heading][vc_empty_space empty_h=&#8221;1&#8243;][vc_button button_color=&#8221;color-jevc&#8221; radius=&#8221;btn-round&#8221; hover_fx=&#8221;full-colored&#8221; shadow=&#8221;yes&#8221; shadow_weight=&#8221;sm&#8221; border_width=&#8221;0&#8243; button_color_type=&#8221;uncode-palette&#8221; uncode_shortcode_id=&#8221;206911&#8243; link=&#8221;url:https%3A%2F%2Fhopkinsjazz.reservix.de%2Ftickets-chris-hopkins-meets-the-scandinavian-jazz-all-stars-jazz-trifft-auf-1001-nacht-skandinavisches-flair-vereint-sich-mit-persischer-kultur-in-hamburg-the-world-of-carpets-am-25-1-2024%2Fe2208561|&#8221;]Billetter[\/vc_button][vc_empty_space empty_h=&#8221;2&#8243;][vc_custom_heading text_color=&#8221;color-xsdn&#8221; text_size=&#8221;h3&#8243; uncode_shortcode_id=&#8221;987365&#8243; text_color_type=&#8221;uncode-palette&#8221;]<mark>10<\/mark>.02.2024, KL. 20.00[\/vc_custom_heading][vc_empty_space empty_h=&#8221;2&#8243;][vc_custom_heading text_color=&#8221;color-xsdn&#8221; text_size=&#8221;h3&#8243; uncode_shortcode_id=&#8221;710683&#8243; text_color_type=&#8221;uncode-palette&#8221;]<mark>01 <\/mark>.03.2024, KL. 19.30[\/vc_custom_heading][vc_column_text uncode_shortcode_id=&#8221;113231&#8243;]<\/p>\n<div class=\"flex_column av-2k4qu9-f1e0762b307679a381b43101fcf80299 av_one_fourth avia-builder-el-5 el_after_av_one_half el_before_av_two_fifth flex_column_div column-top-margin\">\n<section class=\"av_textblock_section av-lqalsjwq-b949c254af7ac38094165f95b6178d9e\">\n<div class=\"avia_textblock\">\n<p>Vi vil informere dig i god tid, hvor i Hamborg.<\/p><\/div>\n<\/section>\n<\/div>\n<p>[\/vc_column_text][\/vc_column_inner][\/vc_row_inner][vc_row_inner limit_content=&#8221;&#8221;][vc_column_inner column_width_percent=&#8221;100&#8243; align_horizontal=&#8221;align_center&#8221; gutter_size=&#8221;1&#8243; overlay_alpha=&#8221;50&#8243; shift_x=&#8221;0&#8243; shift_y=&#8221;0&#8243; shift_y_down=&#8221;0&#8243; z_index=&#8221;0&#8243; medium_width=&#8221;0&#8243; mobile_width=&#8221;0&#8243; width=&#8221;1\/1&#8243; uncode_shortcode_id=&#8221;100222&#8243;][vc_icon icon=&#8221;fa fa-instagram&#8221; size=&#8221;fa-2x&#8221; uncode_shortcode_id=&#8221;902095&#8243; link=&#8221;url:https%3A%2F%2Fwww.instagram.com%2Fpm13_jazz%2F|&#8221;][\/vc_icon][vc_single_image media=&#8221;1990&#8243; media_width_percent=&#8221;10&#8243; alignment=&#8221;center&#8221; uncode_shortcode_id=&#8221;156626&#8243; media_link=&#8221;url:https%3A%2F%2Fthe13club.de%2F&#8221;][vc_column_text uncode_shortcode_id=&#8221;196256&#8243;]<\/p>\n<p style=\"text-align: center;\"><a href=\"https:\/\/secretjazz.de\/da\/imprint\/\">Imprint<\/a><br \/>\n<a href=\"https:\/\/secretjazz.de\/da\/privatliv\/\">Privatliv<\/a>[\/vc_column_text][\/vc_column_inner][\/vc_row_inner][\/vc_column][\/vc_row]<\/p>\n<\/div>","protected":false},"excerpt":{"rendered":"<p>[vc_row unlock_row_content=&#8221;yes&#8221; row_height_percent=&#8221;100&#8243; back_image=&#8221;2266&#8243; back_repeat=&#8221;no-repeat&#8221; overlay_alpha=&#8221;50&#8243; gutter_size=&#8221;3&#8243; column_width_percent=&#8221;100&#8243; shift_y=&#8221;0&#8243; z_index=&#8221;0&#8243; uncode_shortcode_id=&#8221;304651&#8243;][vc_column column_width_percent=&#8221;100&#8243; align_horizontal=&#8221;align_center&#8221; gutter_size=&#8221;3&#8243; overlay_alpha=&#8221;50&#8243; shift_x=&#8221;0&#8243; shift_y=&#8221;0&#8243; shift_y_down=&#8221;0&#8243; z_index=&#8221;0&#8243; medium_width=&#8221;0&#8243; [&hellip;]<\/p>\n","protected":false},"author":4,"featured_media":0,"parent":0,"menu_order":0,"comment_status":"closed","ping_status":"closed","template":"","meta":{"footnotes":""},"class_list":["post-2289","page","type-page","status-publish","hentry"],"_links":{"self":[{"href":"https:\/\/secretjazz.de\/da\/wp-json\/wp\/v2\/pages\/2289"}],"collection":[{"href":"https:\/\/secretjazz.de\/da\/wp-json\/wp\/v2\/pages"}],"about":[{"href":"https:\/\/secretjazz.de\/da\/wp-json\/wp\/v2\/types\/page"}],"author":[{"embeddable":true,"href":"https:\/\/secretjazz.de\/da\/wp-json\/wp\/v2\/users\/4"}],"replies":[{"embeddable":true,"href":"https:\/\/secretjazz.de\/da\/wp-json\/wp\/v2\/comments?post=2289"}],"version-history":[{"count":11,"href":"https:\/\/secretjazz.de\/da\/wp-json\/wp\/v2\/pages\/2289\/revisions"}],"predecessor-version":[{"id":2326,"href":"https:\/\/secretjazz.de\/da\/wp-json\/wp\/v2\/pages\/2289\/revisions\/2326"}],"wp:attachment":[{"href":"https:\/\/secretjazz.de\/da\/wp-json\/wp\/v2\/media?parent=2289"}],"curies":[{"name":"wp","href":"https:\/\/api.w.org\/{rel}","templated":true}]}}